{"id":4493,"date":"2024-02-17T15:03:12","date_gmt":"2024-02-17T14:03:12","guid":{"rendered":"https:\/\/test.papaours-restaurant.fr\/?page_id=4493"},"modified":"2024-02-17T15:08:33","modified_gmt":"2024-02-17T14:08:33","slug":"cgu-2","status":"publish","type":"page","link":"https:\/\/test.papaours-restaurant.fr\/index.php\/cgu-2\/","title":{"rendered":"CGU"},"content":{"rendered":"\t\t<div data-elementor-type=\"wp-page\" data-elementor-id=\"4493\" class=\"elementor elementor-4493\" data-elementor-post-type=\"page\">\n\t\t\t\t<div class=\"elementor-element elementor-element-4e2809b e-con-full e-flex lottie-bg-no e-con e-parent\" data-id=\"4e2809b\" data-element_type=\"container\" data-settings=\"{&quot;enable_lottie_background&quot;:&quot;no&quot;}\" data-core-v316-plus=\"true\">\n\t\t\t\t<div class=\"elementor-element elementor-element-eeeb6da elementor-widget elementor-widget-text-editor\" data-id=\"eeeb6da\" data-element_type=\"widget\" data-widget_type=\"text-editor.default\">\n\t\t\t\t<div class=\"elementor-widget-container\">\n\t\t\t<style>\/*! elementor - v3.20.0 - 06-03-2024 *\/\n.elementor-widget-text-editor.elementor-drop-cap-view-stacked .elementor-drop-cap{background-color:#69727d;color:#fff}.elementor-widget-text-editor.elementor-drop-cap-view-framed .elementor-drop-cap{color:#69727d;border:3px solid;background-color:transparent}.elementor-widget-text-editor:not(.elementor-drop-cap-view-default) .elementor-drop-cap{margin-top:8px}.elementor-widget-text-editor:not(.elementor-drop-cap-view-default) .elementor-drop-cap-letter{width:1em;height:1em}.elementor-widget-text-editor .elementor-drop-cap{float:left;text-align:center;line-height:1;font-size:50px}.elementor-widget-text-editor .elementor-drop-cap-letter{display:inline-block}<\/style>\t\t\t\t<p><strong>Mentions L\u00e9gales et Politique de Confidentialit\u00e9<\/strong><\/p><p><strong>G\u00e9n\u00e9ralit\u00e9s<\/strong><\/p><p>Le site <strong>papaours-restaurant.fr<\/strong> est exploit\u00e9 par <strong>givememouse.com<\/strong>, sous la direction de M. S\u00e9bastien Hassine. Ce site appartient \u00e0 la soci\u00e9t\u00e9 <strong>NEXT DEAL<\/strong>, inscrite au registre du commerce sous le num\u00e9ro SIRET <strong>81980205900033<\/strong>, et localis\u00e9e au 100 rue Georges Bouton, 11100 Narbonne, France. Pour toute demande, notre service client est joignable par t\u00e9l\u00e9phone au <strong>04 68 48 25 73<\/strong>.<\/p><p><strong>Propri\u00e9t\u00e9 Intellectuelle<\/strong><\/p><p>L&#8217;ensemble des \u00e9l\u00e9ments pr\u00e9sents sur le site, y compris les visuels, textes, graphismes, et la technologie sous-jacente, sont prot\u00e9g\u00e9s par le droit d&#8217;auteur et appartiennent exclusivement \u00e0 Next Deal\u00a9. Toute forme de reproduction ou de distribution est strictement interdite sans un consentement \u00e9crit pr\u00e9alable.<\/p><p><strong>H\u00e9bergement &amp; Cr\u00e9ation<\/strong><\/p><p>Le site est h\u00e9berg\u00e9 par OVH, et son d\u00e9veloppement a \u00e9t\u00e9 r\u00e9alis\u00e9 par <strong>givememouse.fr<\/strong>.<\/p><p><strong>Politique de Confidentialit\u00e9<\/strong><\/p><p>Notre engagement envers la protection des donn\u00e9es personnelles est conforme au RGPD et \u00e0 la l\u00e9gislation fran\u00e7aise. Cette section d\u00e9taille nos pratiques de collecte, de traitement, et de stockage des donn\u00e9es personnelles.<\/p><p><strong>Collecte des Donn\u00e9es Personnelles<\/strong><\/p><p>Nous collectons les donn\u00e9es personnelles n\u00e9cessaires \u00e0 la fourniture de nos services, avec le consentement de l&#8217;utilisateur. Ces donn\u00e9es peuvent inclure, sans s&#8217;y limiter, le nom, pr\u00e9nom, et coordonn\u00e9es t\u00e9l\u00e9phoniques. Elles sont utilis\u00e9es exclusivement dans le cadre de l&#8217;offre de services du site, pour l&#8217;am\u00e9lioration de l&#8217;exp\u00e9rience utilisateur et pour la communication de mises \u00e0 jour ou d&#8217;offres pertinentes.<\/p><p><strong>Stockage et S\u00e9curit\u00e9 des Donn\u00e9es<\/strong><\/p><p>Les donn\u00e9es personnelles sont conserv\u00e9es pendant une dur\u00e9e maximale de 6 ans apr\u00e8s leur collecte ou le dernier contact avec l&#8217;utilisateur. Nous adoptons des mesures de s\u00e9curit\u00e9 strictes pour prot\u00e9ger les donn\u00e9es contre l&#8217;acc\u00e8s non autoris\u00e9, la modification, la divulgation ou la destruction.<\/p><p><strong>Droits des Utilisateurs<\/strong><\/p><p>Les utilisateurs disposent \u00e0 tout moment du droit d&#8217;acc\u00e9der \u00e0 leurs donn\u00e9es personnelles, de les rectifier, de demander leur suppression, ou de s&#8217;opposer \u00e0 leur traitement. Ces droits peuvent \u00eatre exerc\u00e9s directement aupr\u00e8s de NEXT DEAL par courrier \u00e0 l&#8217;adresse postale mentionn\u00e9e ci-dessus.<\/p><p><strong>Acc\u00e8s Limit\u00e9 aux Donn\u00e9es<\/strong><\/p><p>Seul le personnel autoris\u00e9 de NEXT DEAL, nos sous-traitants, et \u00e9ventuellement des partenaires de confiance, apr\u00e8s consentement explicite, peuvent acc\u00e9der aux donn\u00e9es personnelles collect\u00e9es.<\/p><p><strong>Modifications de la Politique<\/strong><\/p><p>Nous nous r\u00e9servons le droit de modifier cette politique de confidentialit\u00e9 et de protection des donn\u00e9es personnelles \u00e0 tout moment, selon l&#8217;\u00e9volution des normes l\u00e9gales et de nos pratiques internes.<\/p><p>Pour toute question relative \u00e0 vos donn\u00e9es personnelles ou \u00e0 cette politique, nous vous invitons \u00e0 nous contacter par t\u00e9l\u00e9phone au <strong>04 68 48 25 73<\/strong>.<\/p>\t\t\t\t\t\t<\/div>\n\t\t\t\t<\/div>\n\t\t\t\t<\/div>\n\t\t\t\t<\/div>\n\t\t","protected":false},"excerpt":{"rendered":"<p>Mentions L\u00e9gales et Politique de Confidentialit\u00e9 G\u00e9n\u00e9ralit\u00e9s Le site papaours-restaurant.fr est exploit\u00e9 par givememouse.com, sous la direction de M. S\u00e9bastien Hassine. Ce site appartient \u00e0 la soci\u00e9t\u00e9 NEXT DEAL, inscrite au registre du commerce sous le num\u00e9ro SIRET 81980205900033, et localis\u00e9e au 100 rue Georges Bouton, 11100 Narbonne, France. Pour toute demande, notre service client [&hellip;]<\/p>\n","protected":false},"author":1,"featured_media":0,"parent":0,"menu_order":0,"comment_status":"closed","ping_status":"closed","template":"","meta":{"inline_featured_image":false,"footnotes":""},"_links":{"self":[{"href":"https:\/\/test.papaours-restaurant.fr\/index.php\/wp-json\/wp\/v2\/pages\/4493"}],"collection":[{"href":"https:\/\/test.papaours-restaurant.fr\/index.php\/wp-json\/wp\/v2\/pages"}],"about":[{"href":"https:\/\/test.papaours-restaurant.fr\/index.php\/wp-json\/wp\/v2\/types\/page"}],"author":[{"embeddable":true,"href":"https:\/\/test.papaours-restaurant.fr\/index.php\/wp-json\/wp\/v2\/users\/1"}],"replies":[{"embeddable":true,"href":"https:\/\/test.papaours-restaurant.fr\/index.php\/wp-json\/wp\/v2\/comments?post=4493"}],"version-history":[{"count":13,"href":"https:\/\/test.papaours-restaurant.fr\/index.php\/wp-json\/wp\/v2\/pages\/4493\/revisions"}],"predecessor-version":[{"id":4510,"href":"https:\/\/test.papaours-restaurant.fr\/index.php\/wp-json\/wp\/v2\/pages\/4493\/revisions\/4510"}],"wp:attachment":[{"href":"https:\/\/test.papaours-restaurant.fr\/index.php\/wp-json\/wp\/v2\/media?parent=4493"}],"curies":[{"name":"wp","href":"https:\/\/api.w.org\/{rel}","templated":true}]}}